{"id":86,"date":"2024-03-23T12:04:59","date_gmt":"2024-03-23T15:04:59","guid":{"rendered":"https:\/\/tf3040.com.ar\/?page_id=86"},"modified":"2024-03-23T12:04:59","modified_gmt":"2024-03-23T15:04:59","slug":"compra","status":"publish","type":"page","link":"https:\/\/tf3040.com.ar\/?page_id=86","title":{"rendered":"Compra"},"content":{"rendered":"<p>[et_pb_section fb_built=&#8221;1&#8243; fullwidth=&#8221;on&#8221; disabled_on=&#8221;on|on|off&#8221; _builder_version=&#8221;4.24.0&#8243; _module_preset=&#8221;default&#8221; global_colors_info=&#8221;{}&#8221; theme_builder_area=&#8221;post_content&#8221;][et_pb_fullwidth_image src=&#8221;https:\/\/tf3040.com.ar\/wp-content\/uploads\/2024\/03\/automotores3040-11.png&#8221; _builder_version=&#8221;4.24.0&#8243; _module_preset=&#8221;default&#8221; global_colors_info=&#8221;{}&#8221; theme_builder_area=&#8221;post_content&#8221;][\/et_pb_fullwidth_image][\/et_pb_section][et_pb_section fb_built=&#8221;1&#8243; fullwidth=&#8221;on&#8221; disabled_on=&#8221;off|off|on&#8221; _builder_version=&#8221;4.24.0&#8243; _module_preset=&#8221;default&#8221; background_image=&#8221;https:\/\/tf3040.com.ar\/wp-content\/uploads\/2024\/03\/banner-secciones.jpg&#8221; background_position=&#8221;bottom_center&#8221; locked=&#8221;off&#8221; global_colors_info=&#8221;{}&#8221; theme_builder_area=&#8221;post_content&#8221;][et_pb_fullwidth_header title=&#8221;COMPRA&#8221; _builder_version=&#8221;4.24.0&#8243; _module_preset=&#8221;default&#8221; title_font=&#8221;Montserrat|800|||||||&#8221; title_text_align=&#8221;center&#8221; title_font_size=&#8221;40px&#8221; background_enable_color=&#8221;off&#8221; global_colors_info=&#8221;{}&#8221; theme_builder_area=&#8221;post_content&#8221;][\/et_pb_fullwidth_header][\/et_pb_section][et_pb_section fb_built=&#8221;1&#8243; _builder_version=&#8221;4.16&#8243; _module_preset=&#8221;default&#8221; custom_padding=&#8221;6px|||||&#8221; global_colors_info=&#8221;{}&#8221; theme_builder_area=&#8221;post_content&#8221;][et_pb_row column_structure=&#8221;1_3,1_3,1_3&#8243; custom_padding_last_edited=&#8221;on|tablet&#8221; _builder_version=&#8221;4.16&#8243; _module_preset=&#8221;default&#8221; custom_margin_tablet=&#8221;||||false|false&#8221; custom_margin_phone=&#8221;&#8221; custom_margin_last_edited=&#8221;on|tablet&#8221; custom_padding=&#8221;||||false|false&#8221; custom_padding_tablet=&#8221;0px||||false|false&#8221; custom_padding_phone=&#8221;&#8221; locked=&#8221;off&#8221; global_colors_info=&#8221;{}&#8221; theme_builder_area=&#8221;post_content&#8221;][et_pb_column type=&#8221;1_3&#8243; _builder_version=&#8221;4.16&#8243; _module_preset=&#8221;default&#8221; global_colors_info=&#8221;{}&#8221; theme_builder_area=&#8221;post_content&#8221;][et_pb_image src=&#8221;https:\/\/tf3040.com.ar\/wp-content\/uploads\/2024\/03\/Propuesta-Web-3040-08-1.png&#8221; _builder_version=&#8221;4.24.0&#8243; _module_preset=&#8221;default&#8221; width_tablet=&#8221;70%&#8221; width_phone=&#8221;&#8221; width_last_edited=&#8221;on|tablet&#8221; module_alignment_tablet=&#8221;center&#8221; module_alignment_phone=&#8221;&#8221; module_alignment_last_edited=&#8221;on|tablet&#8221; global_colors_info=&#8221;{}&#8221; theme_builder_area=&#8221;post_content&#8221;][\/et_pb_image][\/et_pb_column][et_pb_column type=&#8221;1_3&#8243; _builder_version=&#8221;4.16&#8243; _module_preset=&#8221;default&#8221; custom_padding=&#8221;0px|0px|0px|0px|false|true&#8221; global_colors_info=&#8221;{}&#8221; theme_builder_area=&#8221;post_content&#8221;][et_pb_text _builder_version=&#8221;4.16&#8243; _module_preset=&#8221;default&#8221; text_font=&#8221;Montserrat|300|||||||&#8221; text_text_color=&#8221;#000000&#8243; text_font_size=&#8221;34px&#8221; text_line_height=&#8221;1.2em&#8221; text_orientation=&#8221;center&#8221; max_width=&#8221;100%&#8221; module_alignment=&#8221;center&#8221; custom_margin=&#8221;10px||||false|false&#8221; custom_margin_tablet=&#8221;-20px||-40px||false|false&#8221; custom_margin_phone=&#8221;-15px||-20px||false|false&#8221; custom_margin_last_edited=&#8221;on|phone&#8221; custom_padding=&#8221;|0px||0px|false|false&#8221; module_alignment_tablet=&#8221;&#8221; module_alignment_phone=&#8221;&#8221; module_alignment_last_edited=&#8221;on|desktop&#8221; locked=&#8221;off&#8221; global_colors_info=&#8221;{}&#8221; theme_builder_area=&#8221;post_content&#8221;]<\/p>\n<p><b>COTIZACI\u00d3N Y COMPRA <\/b><br \/>DE RESTOS<\/p>\n<p>[\/et_pb_text][\/et_pb_column][et_pb_column type=&#8221;1_3&#8243; _builder_version=&#8221;4.16&#8243; _module_preset=&#8221;default&#8221; global_colors_info=&#8221;{}&#8221; theme_builder_area=&#8221;post_content&#8221;][et_pb_image src=&#8221;https:\/\/tf3040.com.ar\/wp-content\/uploads\/2024\/03\/Propuesta-Web-3040-09-1.png&#8221; title_text=&#8221;Propuesta Web 3040-09 (1)&#8221; _builder_version=&#8221;4.24.0&#8243; _module_preset=&#8221;default&#8221; width_tablet=&#8221;70%&#8221; width_phone=&#8221;&#8221; width_last_edited=&#8221;on|tablet&#8221; module_alignment_tablet=&#8221;center&#8221; module_alignment_phone=&#8221;&#8221; module_alignment_last_edited=&#8221;on|tablet&#8221; global_colors_info=&#8221;{}&#8221; theme_builder_area=&#8221;post_content&#8221;][\/et_pb_image][\/et_pb_column][\/et_pb_row][et_pb_row _builder_version=&#8221;4.24.0&#8243; _module_preset=&#8221;default&#8221; custom_margin=&#8221;0px||||false|false&#8221; custom_padding=&#8221;0px||||false|false&#8221; global_colors_info=&#8221;{}&#8221; theme_builder_area=&#8221;post_content&#8221;][et_pb_column type=&#8221;4_4&#8243; _builder_version=&#8221;4.16&#8243; _module_preset=&#8221;default&#8221; global_colors_info=&#8221;{}&#8221; theme_builder_area=&#8221;post_content&#8221;][et_pb_text content_tablet=&#8221;<\/p>\n<p>Desde hace m\u00e1s de 50 a\u00f1os nuestra empresa ha brindado el servicio de Cotizaci\u00f3n y Compra de Veh\u00edculos Siniestrados a Compa\u00f1\u00edas de Seguro y Empresas con Flotas de Veh\u00edculos.<\/p>\n<p>&#8221; content_last_edited=&#8221;off|desktop&#8221; _builder_version=&#8221;4.24.0&#8243; _module_preset=&#8221;default&#8221; text_font=&#8221;Montserrat||||||||&#8221; text_font_size=&#8221;18px&#8221; text_line_height=&#8221;1.9em&#8221; text_orientation=&#8221;center&#8221; custom_padding=&#8221;||||false|false&#8221; text_orientation_tablet=&#8221;center&#8221; text_orientation_phone=&#8221;left&#8221; text_orientation_last_edited=&#8221;on|desktop&#8221; global_colors_info=&#8221;{}&#8221; theme_builder_area=&#8221;post_content&#8221;]<\/p>\n<p>Desde hace m\u00e1s de 50 a\u00f1os nuestra empresa ha brindado el servicio de cotizaci\u00f3n y compra de veh\u00edculos siniestrados a compa\u00f1\u00edas de seguro y empresas con flotas de veh\u00edculos.<\/p>\n<p>[\/et_pb_text][\/et_pb_column][\/et_pb_row][et_pb_row column_structure=&#8221;1_2,1_2&#8243; _builder_version=&#8221;4.24.0&#8243; _module_preset=&#8221;default&#8221; custom_margin=&#8221;20px||||false|false&#8221; global_colors_info=&#8221;{}&#8221; theme_builder_area=&#8221;post_content&#8221;][et_pb_column type=&#8221;1_2&#8243; _builder_version=&#8221;4.16&#8243; _module_preset=&#8221;default&#8221; global_colors_info=&#8221;{}&#8221; theme_builder_area=&#8221;post_content&#8221;][et_pb_blurb title=&#8221;NUESTRO SERVICIO INCLUYE&#8221; icon_placement=&#8221;left&#8221; _builder_version=&#8221;4.24.0&#8243; _module_preset=&#8221;default&#8221; header_font=&#8221;Montserrat|800|||||||&#8221; header_text_color=&#8221;#f6be37&#8243; header_font_size=&#8221;20px&#8221; custom_margin=&#8221;||||false|false&#8221; custom_padding=&#8221;0px||0px|0px|false|false&#8221; header_text_align_tablet=&#8221;center&#8221; header_text_align_phone=&#8221;&#8221; header_text_align_last_edited=&#8221;on|tablet&#8221; locked=&#8221;off&#8221; global_colors_info=&#8221;{}&#8221; theme_builder_area=&#8221;post_content&#8221;][\/et_pb_blurb][et_pb_blurb title=&#8221;Cotizaci\u00f3n&#8221; use_icon=&#8221;on&#8221; font_icon=&#8221;&#x52;||divi||400&#8243; icon_color=&#8221;#f6be37&#8243; icon_placement=&#8221;left&#8221; image_icon_width=&#8221;22px&#8221; _builder_version=&#8221;4.16&#8243; _module_preset=&#8221;default&#8221; header_font=&#8221;Montserrat|700|||||||&#8221; header_text_color=&#8221;#4d4d4d&#8221; header_font_size=&#8221;22px&#8221; custom_margin=&#8221;|||15px|false|false&#8221; header_text_align_tablet=&#8221;left&#8221; header_text_align_phone=&#8221;&#8221; header_text_align_last_edited=&#8221;on|tablet&#8221; text_orientation_tablet=&#8221;center&#8221; text_orientation_phone=&#8221;&#8221; text_orientation_last_edited=&#8221;on|tablet&#8221; icon_font_size=&#8221;22px&#8221; global_colors_info=&#8221;{}&#8221; theme_builder_area=&#8221;post_content&#8221;][\/et_pb_blurb][et_pb_blurb use_icon=&#8221;on&#8221; font_icon=&#8221;&#x52;||divi||400&#8243; icon_color=&#8221;#f6be37&#8243; icon_placement=&#8221;left&#8221; image_icon_width=&#8221;22px&#8221; _builder_version=&#8221;4.16&#8243; _module_preset=&#8221;default&#8221; header_font=&#8221;Montserrat|700|||||||&#8221; header_font_size=&#8221;22px&#8221; body_font=&#8221;Montserrat|700|||||||&#8221; body_text_color=&#8221;#4d4d4d&#8221; body_font_size=&#8221;22px&#8221; custom_margin=&#8221;||10px|15px|false|false&#8221; icon_font_size=&#8221;22px&#8221; global_colors_info=&#8221;{}&#8221; theme_builder_area=&#8221;post_content&#8221;]<\/p>\n<p>Asesoramiento en toda<br \/>la tramitaci\u00f3n:<\/p>\n<p>[\/et_pb_blurb][et_pb_text _builder_version=&#8221;4.16&#8243; _module_preset=&#8221;default&#8221; text_font=&#8221;Montserrat||||||||&#8221; text_font_size=&#8221;18px&#8221; custom_margin=&#8221;0px||0px||false|false&#8221; custom_padding=&#8221;0px||0px|60px|false|false&#8221; global_colors_info=&#8221;{}&#8221; theme_builder_area=&#8221;post_content&#8221;]<\/p>\n<ul>\n<li>Verificaciones Policiales<\/li>\n<li>Realizaci\u00f3n de informes de<br \/>Dominio y Multas<\/li>\n<li>Gestor\u00eda requerida<\/li>\n<\/ul>\n<p>[\/et_pb_text][et_pb_blurb title=&#8221;Traslado del veh\u00edculo&#8221; use_icon=&#8221;on&#8221; font_icon=&#8221;&#x52;||divi||400&#8243; icon_color=&#8221;#f6be37&#8243; icon_placement=&#8221;left&#8221; image_icon_width=&#8221;22px&#8221; _builder_version=&#8221;4.16&#8243; _module_preset=&#8221;default&#8221; header_font=&#8221;Montserrat|700|||||||&#8221; header_text_color=&#8221;#4d4d4d&#8221; header_font_size=&#8221;22px&#8221; body_font=&#8221;Montserrat||||||||&#8221; body_font_size=&#8221;18px&#8221; custom_margin=&#8221;|||15px|false|false&#8221; icon_font_size=&#8221;22px&#8221; global_colors_info=&#8221;{}&#8221; theme_builder_area=&#8221;post_content&#8221;]<\/p>\n<p>con nuestras gr\u00faas y personal<\/p>\n<p>[\/et_pb_blurb][\/et_pb_column][et_pb_column type=&#8221;1_2&#8243; _builder_version=&#8221;4.16&#8243; _module_preset=&#8221;default&#8221; global_colors_info=&#8221;{}&#8221; theme_builder_area=&#8221;post_content&#8221;][et_pb_image src=&#8221;https:\/\/tf3040.com.ar\/wp-content\/uploads\/2024\/03\/compra-de-restos.jpg&#8221; align_tablet=&#8221;center&#8221; align_phone=&#8221;&#8221; align_last_edited=&#8221;on|tablet&#8221; _builder_version=&#8221;4.24.0&#8243; _module_preset=&#8221;default&#8221; width=&#8221;100%&#8221; module_alignment=&#8221;center&#8221; custom_margin=&#8221;|||-50px|false|false&#8221; custom_margin_tablet=&#8221;50px|||0px|false|false&#8221; custom_margin_phone=&#8221;&#8221; custom_margin_last_edited=&#8221;on|tablet&#8221; custom_padding=&#8221;||||false|false&#8221; global_colors_info=&#8221;{}&#8221; theme_builder_area=&#8221;post_content&#8221;][\/et_pb_image][\/et_pb_column][\/et_pb_row][et_pb_row _builder_version=&#8221;4.16&#8243; _module_preset=&#8221;default&#8221; custom_padding=&#8221;0px|0px|0px|0px|false|false&#8221; locked=&#8221;off&#8221; global_colors_info=&#8221;{}&#8221; theme_builder_area=&#8221;post_content&#8221;][et_pb_column type=&#8221;4_4&#8243; _builder_version=&#8221;4.16&#8243; _module_preset=&#8221;default&#8221; global_colors_info=&#8221;{}&#8221; theme_builder_area=&#8221;post_content&#8221;][et_pb_button button_url=&#8221;http:\/\/pruebaswebalmundo2.com\/3040\/contacto\/&#8221; button_text=&#8221;PED\u00cd TU COTIZACI\u00d3N&#8221; button_alignment=&#8221;center&#8221; _builder_version=&#8221;4.24.0&#8243; _module_preset=&#8221;default&#8221; custom_button=&#8221;on&#8221; button_text_color=&#8221;#000000&#8243; button_bg_image=&#8221;https:\/\/tf3040.com.ar\/wp-content\/uploads\/2024\/03\/botonformauto-20-1.png&#8221; button_border_width=&#8221;0px&#8221; button_border_color=&#8221;RGBA(0,0,0,0)&#8221; button_font=&#8221;Montserrat|600|||||||&#8221; custom_margin=&#8221;60px||50px||false|false&#8221; global_colors_info=&#8221;{}&#8221; theme_builder_area=&#8221;post_content&#8221;][\/et_pb_button][\/et_pb_column][\/et_pb_row][\/et_pb_section]<\/p>\n","protected":false},"excerpt":{"rendered":"<p>COTIZACI\u00d3N Y COMPRA DE RESTOSDesde hace m\u00e1s de 50 a\u00f1os nuestra empresa ha brindado el servicio de cotizaci\u00f3n y compra de veh\u00edculos siniestrados a compa\u00f1\u00edas de seguro y empresas con flotas de veh\u00edculos.Asesoramiento en todala tramitaci\u00f3n: Verificaciones Policiales Realizaci\u00f3n de informes deDominio y Multas Gestor\u00eda requerida con nuestras gr\u00faas y personal<\/p>\n","protected":false},"author":1,"featured_media":0,"parent":0,"menu_order":0,"comment_status":"closed","ping_status":"closed","template":"","meta":{"_et_pb_use_builder":"on","_et_pb_old_content":"","_et_gb_content_width":"","_joinchat":[],"footnotes":""},"class_list":["post-86","page","type-page","status-publish","hentry"],"_links":{"self":[{"href":"https:\/\/tf3040.com.ar\/index.php?rest_route=\/wp\/v2\/pages\/86","targetHints":{"allow":["GET"]}}],"collection":[{"href":"https:\/\/tf3040.com.ar\/index.php?rest_route=\/wp\/v2\/pages"}],"about":[{"href":"https:\/\/tf3040.com.ar\/index.php?rest_route=\/wp\/v2\/types\/page"}],"author":[{"embeddable":true,"href":"https:\/\/tf3040.com.ar\/index.php?rest_route=\/wp\/v2\/users\/1"}],"replies":[{"embeddable":true,"href":"https:\/\/tf3040.com.ar\/index.php?rest_route=%2Fwp%2Fv2%2Fcomments&post=86"}],"version-history":[{"count":2,"href":"https:\/\/tf3040.com.ar\/index.php?rest_route=\/wp\/v2\/pages\/86\/revisions"}],"predecessor-version":[{"id":90,"href":"https:\/\/tf3040.com.ar\/index.php?rest_route=\/wp\/v2\/pages\/86\/revisions\/90"}],"wp:attachment":[{"href":"https:\/\/tf3040.com.ar\/index.php?rest_route=%2Fwp%2Fv2%2Fmedia&parent=86"}],"curies":[{"name":"wp","href":"https:\/\/api.w.org\/{rel}","templated":true}]}}