{"id":53,"date":"2024-03-23T12:01:15","date_gmt":"2024-03-23T15:01:15","guid":{"rendered":"https:\/\/tf3040.com.ar\/?page_id=53"},"modified":"2025-04-21T13:33:10","modified_gmt":"2025-04-21T16:33:10","slug":"nosotros","status":"publish","type":"page","link":"https:\/\/tf3040.com.ar\/?page_id=53","title":{"rendered":"Nosotros"},"content":{"rendered":"<p>[et_pb_section fb_built=&#8221;1&#8243; fullwidth=&#8221;on&#8221; disabled_on=&#8221;on|on|off&#8221; _builder_version=&#8221;4.24.0&#8243; _module_preset=&#8221;default&#8221; global_colors_info=&#8221;{}&#8221;][et_pb_fullwidth_image src=&#8221;https:\/\/tf3040.com.ar\/wp-content\/uploads\/2024\/03\/nosotros-11-1.png&#8221; _builder_version=&#8221;4.24.0&#8243; _module_preset=&#8221;default&#8221; global_colors_info=&#8221;{}&#8221;][\/et_pb_fullwidth_image][\/et_pb_section][et_pb_section fb_built=&#8221;1&#8243; fullwidth=&#8221;on&#8221; disabled_on=&#8221;off|off|on&#8221; _builder_version=&#8221;4.24.0&#8243; _module_preset=&#8221;default&#8221; background_image=&#8221;https:\/\/tf3040.com.ar\/wp-content\/uploads\/2024\/03\/banner-secciones.jpg&#8221; background_position=&#8221;bottom_center&#8221; global_colors_info=&#8221;{}&#8221;][et_pb_fullwidth_header title=&#8221;NOSOTROS&#8221; _builder_version=&#8221;4.24.0&#8243; _module_preset=&#8221;default&#8221; title_font=&#8221;Montserrat|800|||||||&#8221; title_text_align=&#8221;center&#8221; title_font_size=&#8221;40px&#8221; background_enable_color=&#8221;off&#8221; global_colors_info=&#8221;{}&#8221;][\/et_pb_fullwidth_header][\/et_pb_section][et_pb_section fb_built=&#8221;1&#8243; _builder_version=&#8221;4.16&#8243; _module_preset=&#8221;default&#8221; global_colors_info=&#8221;{}&#8221;][et_pb_row column_structure=&#8221;1_2,1_2&#8243; _builder_version=&#8221;4.24.0&#8243; _module_preset=&#8221;default&#8221; custom_padding=&#8221;0px||||false|false&#8221; global_colors_info=&#8221;{}&#8221;][et_pb_column type=&#8221;1_2&#8243; _builder_version=&#8221;4.16&#8243; _module_preset=&#8221;default&#8221; global_colors_info=&#8221;{}&#8221;][et_pb_image src=&#8221;https:\/\/tf3040.com.ar\/wp-content\/uploads\/2024\/03\/titulos-nosotros-06-1.png&#8221; show_bottom_space=&#8221;off&#8221; disabled_on=&#8221;on|off|off&#8221; _builder_version=&#8221;4.24.0&#8243; _module_preset=&#8221;default&#8221; global_colors_info=&#8221;{}&#8221;][\/et_pb_image][et_pb_text disabled_on=&#8221;off|on|on&#8221; _builder_version=&#8221;4.24.0&#8243; _module_preset=&#8221;default&#8221; text_font=&#8221;Montserrat|800|||||||&#8221; text_text_color=&#8221;#000000&#8243; text_font_size=&#8221;33px&#8221; text_orientation=&#8221;center&#8221; custom_margin=&#8221;20px||0px||false|false&#8221; custom_padding=&#8221;||||false|false&#8221; global_colors_info=&#8221;{}&#8221;]<\/p>\n<p>3040<\/p>\n<p>[\/et_pb_text][et_pb_image src=&#8221;https:\/\/tf3040.com.ar\/wp-content\/uploads\/2024\/03\/Propuesta-Web-3040-08-1.png&#8221; title_text=&#8221;Propuesta Web 3040-08 (1)&#8221; disabled_on=&#8221;off|on|on&#8221; _builder_version=&#8221;4.24.0&#8243; _module_preset=&#8221;default&#8221; custom_margin=&#8221;-30px||||false|false&#8221; custom_padding=&#8221;0px||||false|false&#8221; global_colors_info=&#8221;{}&#8221;][\/et_pb_image][et_pb_text content_phone=&#8221;<\/p>\n<p>Somos una Empresa con m\u00e1s de 50 a\u00f1os brindando Servicios en Siniestros con Grandes Da\u00f1os a Compa\u00f1\u00edas de Seguros y Empresas con Flotas de Veh\u00edculos. Priorizamos el Servicio a las Compa\u00f1\u00eda los Productores y los Asegurados.<br \/>Nuestra consigna es Disminuir los Tiempos de Gesti\u00f3n y Agilizar los tr\u00e1mites de Bajas de veh\u00edculos, Traslados, Gestor\u00eda y Guarda.<\/p>\n<p>&#8221; content_last_edited=&#8221;off|desktop&#8221; _builder_version=&#8221;4.24.2&#8243; _module_preset=&#8221;default&#8221; text_font=&#8221;Montserrat||||||||&#8221; text_text_color=&#8221;#4d4d4d&#8221; text_font_size=&#8221;16px&#8221; text_line_height=&#8221;1.9em&#8221; custom_margin=&#8221;0px||0px||false|false&#8221; custom_padding=&#8221;0px||0px||false|false&#8221; hover_enabled=&#8221;0&#8243; global_colors_info=&#8221;{}&#8221; sticky_enabled=&#8221;0&#8243;]<\/p>\n<p>Somos una empresa argentina con <strong>m\u00e1s de 50 a\u00f1os de experiencia<\/strong> en la gesti\u00f3n de siniestros de veh\u00edculos con grandes da\u00f1os incluyendo: bajas, cotizaci\u00f3n de restos, traslado, guarda de veh\u00edculos, subastas, gestor\u00eda y compra-venta de rezagos de riesgos varios.<br \/>Brindamos servicios a compa\u00f1\u00edas de seguros, recicladores de autopartes, empresas, productores de seguros, asegurados, talleristas, recuperadores, y a particulares.<br \/>Nuestro objetivo es simplificar y agilizar todos los tr\u00e1mites relacionados con siniestros.<\/p>\n<p>[\/et_pb_text][et_pb_image src=&#8221;https:\/\/tf3040.com.ar\/wp-content\/uploads\/2024\/03\/titulos-nosotros-07-1.png&#8221; show_bottom_space=&#8221;off&#8221; disabled_on=&#8221;on|off|off&#8221; _builder_version=&#8221;4.24.0&#8243; _module_preset=&#8221;default&#8221; custom_padding=&#8221;40px||||false|false&#8221; hover_enabled=&#8221;0&#8243; global_colors_info=&#8221;{}&#8221; sticky_enabled=&#8221;0&#8243;][\/et_pb_image][et_pb_text disabled_on=&#8221;off|on|on&#8221; _builder_version=&#8221;4.24.0&#8243; _module_preset=&#8221;default&#8221; text_font=&#8221;Montserrat|800|||||||&#8221; text_text_color=&#8221;#000000&#8243; text_font_size=&#8221;33px&#8221; text_orientation=&#8221;center&#8221; custom_margin=&#8221;70px||0px||false|false&#8221; custom_padding=&#8221;||||false|false&#8221; hover_enabled=&#8221;0&#8243; locked=&#8221;off&#8221; global_colors_info=&#8221;{}&#8221; sticky_enabled=&#8221;0&#8243;]<\/p>\n<p>VISI\u00d3N<\/p>\n<p>[\/et_pb_text][et_pb_image src=&#8221;https:\/\/tf3040.com.ar\/wp-content\/uploads\/2024\/03\/Propuesta-Web-3040-08-1.png&#8221; title_text=&#8221;Propuesta Web 3040-08 (1)&#8221; disabled_on=&#8221;off|on|on&#8221; _builder_version=&#8221;4.24.0&#8243; _module_preset=&#8221;default&#8221; custom_margin=&#8221;-30px||||false|false&#8221; custom_padding=&#8221;0px||||false|false&#8221; global_colors_info=&#8221;{}&#8221;][\/et_pb_image][et_pb_text content_tablet=&#8221;<\/p>\n<p>Ser la mejor empresa de Servicios del \u00c1rea de Siniestros de Compa\u00f1\u00edas de Seguros y Empresas con Flotas que involucren Veh\u00edculos con Grandes Da\u00f1os.<\/p>\n<p>&#8221; content_phone=&#8221;<\/p>\n<p>Ser la mejor empresa de Servicios del \u00c1rea de Siniestros de Compa\u00f1\u00edas de Seguros y Empresas con Flotas que involucren Veh\u00edculos con Grandes Da\u00f1os.<\/p>\n<p>&#8221; content_last_edited=&#8221;off|desktop&#8221; _builder_version=&#8221;4.24.2&#8243; _module_preset=&#8221;default&#8221; text_font=&#8221;Montserrat||||||||&#8221; text_text_color=&#8221;#4d4d4d&#8221; text_font_size=&#8221;16px&#8221; text_line_height=&#8221;1.9em&#8221; custom_margin=&#8221;0px||0px||false|false&#8221; custom_padding=&#8221;0px||0px||false|false&#8221; hover_enabled=&#8221;0&#8243; global_colors_info=&#8221;{}&#8221; sticky_enabled=&#8221;0&#8243;]<\/p>\n<p>Ser la empresa l\u00edder en Argentina en ofrecer soluciones integrales para siniestros de veh\u00edculos con grandes da\u00f1os, destac\u00e1ndonos por <strong>simplificar la gesti\u00f3n<\/strong> a nuestros clientes con atenci\u00f3n personalizada, rapidez de respuesta y compromiso, garantizando la tranquilidad y su satisfacci\u00f3n.<\/p>\n<p>[\/et_pb_text][et_pb_image src=&#8221;https:\/\/tf3040.com.ar\/wp-content\/uploads\/2025\/04\/valores-3040-1.jpg&#8221; show_bottom_space=&#8221;off&#8221; disabled_on=&#8221;on|off|off&#8221; _builder_version=&#8221;4.24.2&#8243; _module_preset=&#8221;default&#8221; custom_padding=&#8221;60px||||false|false&#8221; hover_enabled=&#8221;0&#8243; global_colors_info=&#8221;{}&#8221; sticky_enabled=&#8221;0&#8243;][\/et_pb_image][et_pb_text disabled_on=&#8221;off|on|on&#8221; _builder_version=&#8221;4.24.2&#8243; _module_preset=&#8221;default&#8221; text_font=&#8221;Montserrat|800|||||||&#8221; text_text_color=&#8221;#000000&#8243; text_font_size=&#8221;33px&#8221; text_orientation=&#8221;center&#8221; custom_margin=&#8221;70px||0px||false|false&#8221; custom_padding=&#8221;||||false|false&#8221; hover_enabled=&#8221;0&#8243; locked=&#8221;off&#8221; global_colors_info=&#8221;{}&#8221; sticky_enabled=&#8221;0&#8243;]<\/p>\n<p>VALORES<\/p>\n<p>[\/et_pb_text][et_pb_image src=&#8221;https:\/\/tf3040.com.ar\/wp-content\/uploads\/2024\/03\/Propuesta-Web-3040-08-1.png&#8221; title_text=&#8221;Propuesta Web 3040-08 (1)&#8221; disabled_on=&#8221;off|on|on&#8221; _builder_version=&#8221;4.24.0&#8243; _module_preset=&#8221;default&#8221; custom_margin=&#8221;-30px||||false|false&#8221; custom_padding=&#8221;0px||||false|false&#8221; global_colors_info=&#8221;{}&#8221;][\/et_pb_image][et_pb_text content_phone=&#8221;<\/p>\n<p>Brindar el mejor servicio tanto en Calidad como en Tiempos de Resoluci\u00f3n, orientado a la Gesti\u00f3n, Gestor\u00eda, Bajas, Cotizaci\u00f3n de<br \/>Restos, Traslado y Guarda de Veh\u00edculos con Grandes Da\u00f1os, resolviendo todos los tr\u00e1mites en forma Integral con la menor<br \/>intervenci\u00f3n posible de nuestros clientes.<\/p>\n<p>&#8221; content_last_edited=&#8221;off|desktop&#8221; _builder_version=&#8221;4.24.2&#8243; _module_preset=&#8221;default&#8221; text_font=&#8221;Montserrat||||||||&#8221; text_text_color=&#8221;#4d4d4d&#8221; text_font_size=&#8221;16px&#8221; text_line_height=&#8221;1.9em&#8221; custom_margin=&#8221;0px||0px||false|false&#8221; custom_padding=&#8221;0px||0px||false|false&#8221; hover_enabled=&#8221;0&#8243; global_colors_info=&#8221;{}&#8221; sticky_enabled=&#8221;0&#8243;]<\/p>\n<ul>\n<li>Hacer sencilla la experiencia de nuestros clientes.<\/li>\n<li>Ser parte de la soluci\u00f3n.<\/li>\n<li>Actuar con empat\u00eda.<\/li>\n<li>Generar confianza.<\/li>\n<\/ul>\n<p>[\/et_pb_text][\/et_pb_column][et_pb_column type=&#8221;1_2&#8243; _builder_version=&#8221;4.24.0&#8243; _module_preset=&#8221;default&#8221; global_colors_info=&#8221;{}&#8221;][et_pb_image src=&#8221;https:\/\/tf3040.com.ar\/wp-content\/uploads\/2024\/03\/nosotros-guarda.jpg&#8221; url=&#8221;@ET-DC@eyJkeW5hbWljIjp0cnVlLCJjb250ZW50IjoicG9zdF9saW5rX3VybF9wYWdlIiwic2V0dGluZ3MiOnsicG9zdF9pZCI6IjY2In19@&#8221; align=&#8221;center&#8221; _builder_version=&#8221;4.24.2&#8243; _dynamic_attributes=&#8221;url&#8221; _module_preset=&#8221;default&#8221; width=&#8221;45%&#8221; width_tablet=&#8221;45%&#8221; width_phone=&#8221;80%&#8221; width_last_edited=&#8221;on|phone&#8221; custom_margin=&#8221;||0px||false|false&#8221; custom_padding=&#8221;||||false|false&#8221; global_colors_info=&#8221;{}&#8221;][\/et_pb_image][et_pb_image src=&#8221;https:\/\/tf3040.com.ar\/wp-content\/uploads\/2024\/03\/nosotros-traslado.jpg&#8221; url=&#8221;@ET-DC@eyJkeW5hbWljIjp0cnVlLCJjb250ZW50IjoicG9zdF9saW5rX3VybF9wYWdlIiwic2V0dGluZ3MiOnsicG9zdF9pZCI6Ijc4In19@&#8221; align=&#8221;center&#8221; _builder_version=&#8221;4.24.2&#8243; _dynamic_attributes=&#8221;url&#8221; _module_preset=&#8221;default&#8221; width=&#8221;45%&#8221; width_tablet=&#8221;45%&#8221; width_phone=&#8221;80%&#8221; width_last_edited=&#8221;on|phone&#8221; custom_margin=&#8221;||0px||false|false&#8221; custom_padding=&#8221;||||false|false&#8221; global_colors_info=&#8221;{}&#8221;][\/et_pb_image][et_pb_image src=&#8221;https:\/\/tf3040.com.ar\/wp-content\/uploads\/2024\/03\/nosotros-compra.jpg&#8221; url=&#8221;@ET-DC@eyJkeW5hbWljIjp0cnVlLCJjb250ZW50IjoicG9zdF9saW5rX3VybF9wYWdlIiwic2V0dGluZ3MiOnsicG9zdF9pZCI6Ijg2In19@&#8221; align=&#8221;center&#8221; _builder_version=&#8221;4.24.2&#8243; _dynamic_attributes=&#8221;url&#8221; _module_preset=&#8221;default&#8221; width=&#8221;45%&#8221; width_tablet=&#8221;45%&#8221; width_phone=&#8221;80%&#8221; width_last_edited=&#8221;on|phone&#8221; custom_margin=&#8221;||0px||false|false&#8221; custom_padding=&#8221;||||false|false&#8221; global_colors_info=&#8221;{}&#8221;][\/et_pb_image][et_pb_image src=&#8221;https:\/\/tf3040.com.ar\/wp-content\/uploads\/2024\/03\/nosotros-bajas.jpg&#8221; url=&#8221;@ET-DC@eyJkeW5hbWljIjp0cnVlLCJjb250ZW50IjoicG9zdF9saW5rX3VybF9wYWdlIiwic2V0dGluZ3MiOnsicG9zdF9pZCI6IjkxIn19@&#8221; align=&#8221;center&#8221; _builder_version=&#8221;4.24.2&#8243; _dynamic_attributes=&#8221;url&#8221; _module_preset=&#8221;default&#8221; width=&#8221;45%&#8221; width_tablet=&#8221;45%&#8221; width_phone=&#8221;80%&#8221; width_last_edited=&#8221;on|phone&#8221; custom_margin=&#8221;||0px||false|false&#8221; custom_padding=&#8221;||||false|false&#8221; global_colors_info=&#8221;{}&#8221;][\/et_pb_image][et_pb_image src=&#8221;https:\/\/tf3040.com.ar\/wp-content\/uploads\/2025\/04\/nosotros-subastas.jpg&#8221; url=&#8221;@ET-DC@eyJkeW5hbWljIjp0cnVlLCJjb250ZW50IjoicG9zdF9saW5rX3VybF9wYWdlIiwic2V0dGluZ3MiOnsicG9zdF9pZCI6IjkxIn19@&#8221; align=&#8221;center&#8221; _builder_version=&#8221;4.24.2&#8243; _dynamic_attributes=&#8221;url&#8221; _module_preset=&#8221;default&#8221; width=&#8221;45%&#8221; width_tablet=&#8221;45%&#8221; width_phone=&#8221;80%&#8221; width_last_edited=&#8221;on|phone&#8221; custom_margin=&#8221;||0px||false|false&#8221; custom_padding=&#8221;||||false|false&#8221; hover_enabled=&#8221;0&#8243; global_colors_info=&#8221;{}&#8221; sticky_enabled=&#8221;0&#8243;][\/et_pb_image][et_pb_image src=&#8221;https:\/\/tf3040.com.ar\/wp-content\/uploads\/2024\/03\/nosotros-gestoria.jpg&#8221; url=&#8221;@ET-DC@eyJkeW5hbWljIjp0cnVlLCJjb250ZW50IjoicG9zdF9saW5rX3VybF9wYWdlIiwic2V0dGluZ3MiOnsicG9zdF9pZCI6Ijk4In19@&#8221; align=&#8221;center&#8221; _builder_version=&#8221;4.24.2&#8243; _dynamic_attributes=&#8221;url&#8221; _module_preset=&#8221;default&#8221; width=&#8221;45%&#8221; width_tablet=&#8221;45%&#8221; width_phone=&#8221;80%&#8221; width_last_edited=&#8221;on|phone&#8221; custom_margin=&#8221;||0px||false|false&#8221; custom_padding=&#8221;||||false|false&#8221; global_colors_info=&#8221;{}&#8221;][\/et_pb_image][\/et_pb_column][\/et_pb_row][\/et_pb_section][et_pb_section fb_built=&#8221;1&#8243; disabled_on=&#8221;off|off|off&#8221; _builder_version=&#8221;4.16&#8243; _module_preset=&#8221;default&#8221; custom_margin=&#8221;2px||||false|false&#8221; custom_padding=&#8221;0px||0px||false|false&#8221; global_colors_info=&#8221;{}&#8221;][et_pb_row use_custom_gutter=&#8221;on&#8221; gutter_width=&#8221;1&#8243; disabled_on=&#8221;off|on|off&#8221; _builder_version=&#8221;4.24.0&#8243; _module_preset=&#8221;default&#8221; width=&#8221;100%&#8221; max_width=&#8221;100%&#8221; custom_padding=&#8221;||0px||false|false&#8221; global_colors_info=&#8221;{}&#8221;][et_pb_column type=&#8221;4_4&#8243; _builder_version=&#8221;4.16&#8243; _module_preset=&#8221;default&#8221; global_colors_info=&#8221;{}&#8221;][et_pb_gallery gallery_ids=&#8221;126,127,128,129&#8243; show_title_and_caption=&#8221;off&#8221; show_pagination=&#8221;off&#8221; zoom_icon_color=&#8221;#f6be37&#8243; hover_icon=&#8221;&#xe050;||divi||400&#8243; _builder_version=&#8221;4.24.2&#8243; _module_preset=&#8221;default&#8221; global_colors_info=&#8221;{}&#8221;][\/et_pb_gallery][\/et_pb_column][\/et_pb_row][et_pb_row use_custom_gutter=&#8221;on&#8221; gutter_width=&#8221;1&#8243; disabled_on=&#8221;on|off|on&#8221; _builder_version=&#8221;4.24.0&#8243; _module_preset=&#8221;default&#8221; width=&#8221;100%&#8221; max_width=&#8221;100%&#8221; custom_margin=&#8221;0px||0px||true|false&#8221; custom_padding=&#8221;0px||0px||true|false&#8221; global_colors_info=&#8221;{}&#8221;][et_pb_column type=&#8221;4_4&#8243; _builder_version=&#8221;4.16&#8243; _module_preset=&#8221;default&#8221; global_colors_info=&#8221;{}&#8221;][et_pb_gallery gallery_ids=&#8221;126,127,128&#8243; posts_number=&#8221;3&#8243; show_title_and_caption=&#8221;off&#8221; show_pagination=&#8221;off&#8221; zoom_icon_color=&#8221;#f6be37&#8243; hover_icon=&#8221;&#xe050;||divi||400&#8243; _builder_version=&#8221;4.24.2&#8243; _module_preset=&#8221;default&#8221; global_colors_info=&#8221;{}&#8221;][\/et_pb_gallery][\/et_pb_column][\/et_pb_row][\/et_pb_section]<\/p>\n","protected":false},"excerpt":{"rendered":"<p>3040Somos una empresa argentina con m\u00e1s de 50 a\u00f1os de experiencia en la gesti\u00f3n de siniestros de veh\u00edculos con grandes da\u00f1os incluyendo: bajas, cotizaci\u00f3n de restos, traslado, guarda de veh\u00edculos, subastas, gestor\u00eda y compra-venta de rezagos de riesgos varios.Brindamos servicios a compa\u00f1\u00edas de seguros, recicladores de autopartes, empresas, productores de seguros, asegurados, talleristas, recuperadores, y [&hellip;]<\/p>\n","protected":false},"author":1,"featured_media":0,"parent":0,"menu_order":0,"comment_status":"closed","ping_status":"closed","template":"","meta":{"_et_pb_use_builder":"on","_et_pb_old_content":"","_et_gb_content_width":"","_joinchat":[],"footnotes":""},"class_list":["post-53","page","type-page","status-publish","hentry"],"_links":{"self":[{"href":"https:\/\/tf3040.com.ar\/index.php?rest_route=\/wp\/v2\/pages\/53","targetHints":{"allow":["GET"]}}],"collection":[{"href":"https:\/\/tf3040.com.ar\/index.php?rest_route=\/wp\/v2\/pages"}],"about":[{"href":"https:\/\/tf3040.com.ar\/index.php?rest_route=\/wp\/v2\/types\/page"}],"author":[{"embeddable":true,"href":"https:\/\/tf3040.com.ar\/index.php?rest_route=\/wp\/v2\/users\/1"}],"replies":[{"embeddable":true,"href":"https:\/\/tf3040.com.ar\/index.php?rest_route=%2Fwp%2Fv2%2Fcomments&post=53"}],"version-history":[{"count":11,"href":"https:\/\/tf3040.com.ar\/index.php?rest_route=\/wp\/v2\/pages\/53\/revisions"}],"predecessor-version":[{"id":168,"href":"https:\/\/tf3040.com.ar\/index.php?rest_route=\/wp\/v2\/pages\/53\/revisions\/168"}],"wp:attachment":[{"href":"https:\/\/tf3040.com.ar\/index.php?rest_route=%2Fwp%2Fv2%2Fmedia&parent=53"}],"curies":[{"name":"wp","href":"https:\/\/api.w.org\/{rel}","templated":true}]}}