{"id":174,"date":"2025-04-29T21:11:33","date_gmt":"2025-04-30T00:11:33","guid":{"rendered":"https:\/\/tf3040.com.ar\/?page_id=174"},"modified":"2025-04-29T21:48:31","modified_gmt":"2025-04-30T00:48:31","slug":"subastas","status":"publish","type":"page","link":"https:\/\/tf3040.com.ar\/?page_id=174","title":{"rendered":"Subastas"},"content":{"rendered":"<p>[et_pb_section fb_built=&#8221;1&#8243; fullwidth=&#8221;on&#8221; disabled_on=&#8221;on|on|off&#8221; _builder_version=&#8221;4.24.0&#8243; _module_preset=&#8221;default&#8221; global_colors_info=&#8221;{}&#8221;][et_pb_fullwidth_image src=&#8221;https:\/\/tf3040.com.ar\/wp-content\/uploads\/2025\/04\/BANNER-subastas.jpg&#8221; title_text=&#8221;BANNER-subastas&#8221; _builder_version=&#8221;4.24.2&#8243; _module_preset=&#8221;default&#8221; global_colors_info=&#8221;{}&#8221;][\/et_pb_fullwidth_image][\/et_pb_section][et_pb_section fb_built=&#8221;1&#8243; fullwidth=&#8221;on&#8221; disabled_on=&#8221;off|off|on&#8221; _builder_version=&#8221;4.24.2&#8243; _module_preset=&#8221;default&#8221; background_image=&#8221;https:\/\/tf3040.com.ar\/wp-content\/uploads\/2024\/03\/banner-secciones.jpg&#8221; background_position=&#8221;bottom_center&#8221; locked=&#8221;off&#8221; global_colors_info=&#8221;{}&#8221;][et_pb_fullwidth_header title=&#8221;SUBASTAS&#8221; _builder_version=&#8221;4.24.2&#8243; _module_preset=&#8221;default&#8221; title_font=&#8221;Montserrat|800|||||||&#8221; title_text_align=&#8221;center&#8221; title_font_size=&#8221;40px&#8221; background_enable_color=&#8221;off&#8221; global_colors_info=&#8221;{}&#8221;][\/et_pb_fullwidth_header][\/et_pb_section][et_pb_section fb_built=&#8221;1&#8243; _builder_version=&#8221;4.16&#8243; _module_preset=&#8221;default&#8221; custom_padding=&#8221;6px|||||&#8221; global_colors_info=&#8221;{}&#8221;][et_pb_row column_structure=&#8221;1_3,1_3,1_3&#8243; _builder_version=&#8221;4.16&#8243; _module_preset=&#8221;default&#8221; width=&#8221;97%&#8221; locked=&#8221;off&#8221; global_colors_info=&#8221;{}&#8221;][et_pb_column type=&#8221;1_3&#8243; _builder_version=&#8221;4.16&#8243; _module_preset=&#8221;default&#8221; global_colors_info=&#8221;{}&#8221;][et_pb_image src=&#8221;https:\/\/tf3040.com.ar\/wp-content\/uploads\/2024\/03\/Propuesta-Web-3040-08-1.png&#8221; _builder_version=&#8221;4.24.0&#8243; _module_preset=&#8221;default&#8221; width_tablet=&#8221;70%&#8221; width_phone=&#8221;&#8221; width_last_edited=&#8221;on|tablet&#8221; module_alignment_tablet=&#8221;center&#8221; module_alignment_phone=&#8221;&#8221; module_alignment_last_edited=&#8221;on|tablet&#8221; global_colors_info=&#8221;{}&#8221;][\/et_pb_image][\/et_pb_column][et_pb_column type=&#8221;1_3&#8243; _builder_version=&#8221;4.16&#8243; _module_preset=&#8221;default&#8221; global_colors_info=&#8221;{}&#8221;][et_pb_text _builder_version=&#8221;4.24.2&#8243; _module_preset=&#8221;default&#8221; text_font=&#8221;Montserrat|300|||||||&#8221; text_text_color=&#8221;#000000&#8243; text_font_size=&#8221;34px&#8221; text_line_height=&#8221;1.2em&#8221; text_orientation=&#8221;center&#8221; custom_margin=&#8221;20px||||false|false&#8221; locked=&#8221;off&#8221; global_colors_info=&#8221;{}&#8221;]<\/p>\n<p>COMENZ\u00c1 A<br \/><strong>SUBASTAR<\/strong><\/p>\n<p>[\/et_pb_text][\/et_pb_column][et_pb_column type=&#8221;1_3&#8243; _builder_version=&#8221;4.16&#8243; _module_preset=&#8221;default&#8221; global_colors_info=&#8221;{}&#8221;][et_pb_image src=&#8221;https:\/\/tf3040.com.ar\/wp-content\/uploads\/2024\/03\/Propuesta-Web-3040-09-1.png&#8221; _builder_version=&#8221;4.24.0&#8243; _module_preset=&#8221;default&#8221; width_tablet=&#8221;70%&#8221; width_phone=&#8221;&#8221; width_last_edited=&#8221;on|tablet&#8221; module_alignment_tablet=&#8221;center&#8221; module_alignment_phone=&#8221;&#8221; module_alignment_last_edited=&#8221;on|tablet&#8221; global_colors_info=&#8221;{}&#8221;][\/et_pb_image][\/et_pb_column][\/et_pb_row][\/et_pb_section][et_pb_section fb_built=&#8221;1&#8243; admin_label=&#8221;Best Beans&#8221; _builder_version=&#8221;4.16&#8243; background_color_gradient_direction=&#8221;90deg&#8221; custom_padding=&#8221;0px|0px|0px|0px&#8221; global_colors_info=&#8221;{}&#8221;][et_pb_row column_structure=&#8221;3_5,2_5&#8243; use_custom_gutter=&#8221;on&#8221; gutter_width=&#8221;1&#8243; make_equal=&#8221;on&#8221; disabled_on=&#8221;on|on|off&#8221; admin_label=&#8221;Best Beans Row&#8221; module_class=&#8221; et_pb_row_fullwidth&#8221; _builder_version=&#8221;4.24.2&#8243; width=&#8221;100%&#8221; width_tablet=&#8221;100%&#8221; width_phone=&#8221;&#8221; width_last_edited=&#8221;on|desktop&#8221; max_width=&#8221;100%&#8221; max_width_tablet=&#8221;100%&#8221; max_width_phone=&#8221;&#8221; max_width_last_edited=&#8221;on|desktop&#8221; custom_margin=&#8221;|||&#8221; custom_margin_tablet=&#8221;&#8221; custom_margin_phone=&#8221;-100px||0px||false|false&#8221; custom_margin_last_edited=&#8221;on|phone&#8221; custom_padding=&#8221;0px|0px|0px|0px|false|false&#8221; make_fullwidth=&#8221;on&#8221; global_colors_info=&#8221;{}&#8221;][et_pb_column type=&#8221;3_5&#8243; _builder_version=&#8221;4.24.2&#8243; custom_padding=&#8221;40px|10%|40px|10%|false|false&#8221; global_colors_info=&#8221;{}&#8221; custom_padding__hover=&#8221;|||&#8221;][et_pb_text _builder_version=&#8221;4.24.2&#8243; _module_preset=&#8221;default&#8221; text_font=&#8221;Montserrat|800||on|||||&#8221; text_text_color=&#8221;#f6be37&#8243; text_font_size=&#8221;22px&#8221; custom_margin=&#8221;-1px||50px||false|false&#8221; custom_margin_tablet=&#8221;&#8221; custom_margin_phone=&#8221;0px||||false|false&#8221; custom_margin_last_edited=&#8221;on|phone&#8221; custom_padding=&#8221;||||false|false&#8221; text_orientation_tablet=&#8221;&#8221; text_orientation_phone=&#8221;center&#8221; text_orientation_last_edited=&#8221;on|phone&#8221; global_colors_info=&#8221;{}&#8221;]<\/p>\n<p>\u00bfEst\u00e1s buscando una forma r\u00e1pida y efectiva de vender tus veh\u00edculos?<\/p>\n<p>[\/et_pb_text][et_pb_text content_phone=&#8221;<\/p>\n<p>En Nuestro Estudio realizamos bajas deveh\u00edculos con Formulario 04D y 04 Com\u00fan en todo el pa\u00eds, teniendo por clientes a las Compa\u00f1\u00edas de Seguros m\u00e1s importantes del Mercado.<\/p>\n<p>&#8221; content_last_edited=&#8221;off|desktop&#8221; _builder_version=&#8221;4.24.2&#8243; _module_preset=&#8221;default&#8221; text_font=&#8221;Montserrat||||||||&#8221; text_font_size=&#8221;16px&#8221; text_line_height=&#8221;1.8em&#8221; global_colors_info=&#8221;{}&#8221;]<\/p>\n<p>\u00a1Nuestra plataforma de subastas online es la soluci\u00f3n perfecta para que nuestros clientes logren una transacci\u00f3n exitosa, reduciendo costos y minimizando procesos administrativos antes y despu\u00e9s de cada subasta!<\/p>\n<p>Con m\u00e1s de 55 a\u00f1os prestando servicio a empresas aseguradoras, bancos y compa\u00f1\u00edas financieras, empresas p\u00fablicas y privadas con flota de veh\u00edculos. conectamos a empresas como la tuya con compradores de todo el pa\u00eds, garantizando los mejores precios y un proceso de venta transparente.<\/p>\n<p>Podes subastar veh\u00edculos y motoveh\u00edculos producto de siniestros con formulario 08, recupero de robo, veh\u00edculos para dar de baja con 04-D a desarmaderos habilitados en RUDAC, venta por renovaci\u00f3n de flota, Renovaci\u00f3n de flota veh\u00edculos de alquiler (rentacar), Veh\u00edculos de recupero prendarios en mora Art. 39, renovaciones de Leasing y particulares que busquen una soluci\u00f3n r\u00e1pida, segura y confiable.<\/p>\n<p>[\/et_pb_text][\/et_pb_column][et_pb_column type=&#8221;2_5&#8243; _builder_version=&#8221;4.24.2&#8243; background_image=&#8221;https:\/\/tf3040.com.ar\/wp-content\/uploads\/2025\/04\/subastas-online-1.jpg&#8221; background_size=&#8221;initial&#8221; custom_padding=&#8221;|||&#8221; background_last_edited=&#8221;on|phone&#8221; background_enable_image_phone=&#8221;off&#8221; global_colors_info=&#8221;{}&#8221; custom_padding__hover=&#8221;|||&#8221;][\/et_pb_column][\/et_pb_row][et_pb_row column_structure=&#8221;1_2,1_2&#8243; disabled_on=&#8221;off|off|on&#8221; _builder_version=&#8221;4.24.0&#8243; _module_preset=&#8221;default&#8221; custom_margin=&#8221;0px||||false|false&#8221; custom_padding=&#8221;0px||50px||false|false&#8221; global_colors_info=&#8221;{}&#8221;][et_pb_column type=&#8221;1_2&#8243; _builder_version=&#8221;4.16&#8243; _module_preset=&#8221;default&#8221; global_colors_info=&#8221;{}&#8221;][et_pb_text _builder_version=&#8221;4.24.2&#8243; _module_preset=&#8221;default&#8221; text_font=&#8221;Montserrat|800||on|||||&#8221; text_text_color=&#8221;#f6be37&#8243; text_font_size=&#8221;22px&#8221; custom_margin=&#8221;40px||50px||false|false&#8221; custom_margin_tablet=&#8221;||0px|140px|false|false&#8221; custom_margin_phone=&#8221;0px|40px||0px|false|false&#8221; custom_margin_last_edited=&#8221;on|phone&#8221; custom_padding=&#8221;||||false|false&#8221; text_orientation_tablet=&#8221;left&#8221; text_orientation_phone=&#8221;center&#8221; text_orientation_last_edited=&#8221;on|phone&#8221; locked=&#8221;off&#8221; global_colors_info=&#8221;{}&#8221;]<\/p>\n<p>\u00bfEst\u00e1s buscando una forma r\u00e1pida y efectiva de vender tus veh\u00edculos?<\/p>\n<p>[\/et_pb_text][\/et_pb_column][et_pb_column type=&#8221;1_2&#8243; _builder_version=&#8221;4.16&#8243; _module_preset=&#8221;default&#8221; global_colors_info=&#8221;{}&#8221;][et_pb_text content_tablet=&#8221;<\/p>\n<p>\u00a1Nuestra plataforma de subastas online es la soluci\u00f3n perfecta para que nuestros clientes logren una transacci\u00f3n exitosa, reduciendo costos y minimizando procesos administrativos antes y despu\u00e9s de cada subasta!<\/p>\n<p>Con m\u00e1s de 55 a\u00f1os prestando servicio a empresas aseguradoras, bancos y compa\u00f1\u00edas financieras, empresas p\u00fablicas y privadas con flota de veh\u00edculos. conectamos a empresas como la tuya con compradores de todo el pa\u00eds, garantizando los mejores precios y un proceso de venta transparente.<\/p>\n<p>Podes subastar veh\u00edculos y motoveh\u00edculos producto de siniestros con formulario 08, recupero de robo, veh\u00edculos para dar de baja con 04-D a desarmaderos habilitados en RUDAC, venta por renovaci\u00f3n de flota, Renovaci\u00f3n de flota veh\u00edculos de alquiler (rentacar), Veh\u00edculos de recupero prendarios en mora Art. 39, renovaciones de Leasing y particulares que busquen una soluci\u00f3n r\u00e1pida, segura y confiable.<\/p>\n<p>&#8221; content_phone=&#8221;<\/p>\n<p>\u00a1Nuestra plataforma de subastas online es la soluci\u00f3n perfecta para que nuestros clientes logren una transacci\u00f3n exitosa, reduciendo costos y minimizando procesos administrativos antes y despu\u00e9s de cada subasta!<\/p>\n<p>Con m\u00e1s de 55 a\u00f1os prestando servicio a empresas aseguradoras, bancos y compa\u00f1\u00edas financieras, empresas p\u00fablicas y privadas con flota de veh\u00edculos. conectamos a empresas como la tuya con compradores de todo el pa\u00eds, garantizando los mejores precios y un proceso de venta transparente.<\/p>\n<p>Podes subastar veh\u00edculos y motoveh\u00edculos producto de siniestros con formulario 08, recupero de robo, veh\u00edculos para dar de baja con 04-D a desarmaderos habilitados en RUDAC, venta por renovaci\u00f3n de flota, Renovaci\u00f3n de flota veh\u00edculos de alquiler (rentacar), Veh\u00edculos de recupero prendarios en mora Art. 39, renovaciones de Leasing y particulares que busquen una soluci\u00f3n r\u00e1pida, segura y confiable.<\/p>\n<p>&#8221; content_last_edited=&#8221;on|desktop&#8221; _builder_version=&#8221;4.24.2&#8243; _module_preset=&#8221;default&#8221; text_font=&#8221;Montserrat||||||||&#8221; text_font_size=&#8221;18px&#8221; text_line_height=&#8221;1.2em&#8221; custom_margin=&#8221;0px||||false|false&#8221; custom_padding_tablet=&#8221;0px|||140px|false|false&#8221; custom_padding_phone=&#8221;|||0px|false|false&#8221; custom_padding_last_edited=&#8221;on|tablet&#8221; global_colors_info=&#8221;{}&#8221;]<\/p>\n<p>\u00a1Nuestra plataforma de subastas online es la soluci\u00f3n perfecta para que nuestros clientes logren una transacci\u00f3n exitosa, reduciendo costos y minimizando procesos administrativos antes y despu\u00e9s de cada subasta!<\/p>\n<p>Con m\u00e1s de 55 a\u00f1os prestando servicio a empresas aseguradoras, bancos y compa\u00f1\u00edas financieras, empresas p\u00fablicas y privadas con flota de veh\u00edculos. conectamos a empresas como la tuya con compradores de todo el pa\u00eds, garantizando los mejores precios y un proceso de venta transparente.<\/p>\n<p>Podes subastar veh\u00edculos y motoveh\u00edculos producto de siniestros con formulario 08, recupero de robo, veh\u00edculos para dar de baja con 04-D a desarmaderos habilitados en RUDAC, venta por renovaci\u00f3n de flota, Renovaci\u00f3n de flota veh\u00edculos de alquiler (rentacar), Veh\u00edculos de recupero prendarios en mora Art. 39, renovaciones de Leasing y particulares que busquen una soluci\u00f3n r\u00e1pida, segura y confiable.<\/p>\n<p>[\/et_pb_text][et_pb_image src=&#8221;https:\/\/tf3040.com.ar\/wp-content\/uploads\/2025\/04\/subastas-online-1.jpg&#8221; title_text=&#8221;subastas-online-1&#8243; _builder_version=&#8221;4.24.2&#8243; _module_preset=&#8221;default&#8221; transform_scale=&#8221;130%|130%&#8221; transform_translate=&#8221;5px|50px&#8221; transform_translate_linked=&#8221;off&#8221; global_colors_info=&#8221;{}&#8221;][\/et_pb_image][\/et_pb_column][\/et_pb_row][et_pb_row column_structure=&#8221;1_2,1_2&#8243; use_custom_gutter=&#8221;on&#8221; gutter_width=&#8221;1&#8243; make_equal=&#8221;on&#8221; admin_label=&#8221;Best Beans Row&#8221; module_class=&#8221; et_pb_row_fullwidth&#8221; _builder_version=&#8221;4.24.2&#8243; background_color=&#8221;#f6be37&#8243; width=&#8221;100%&#8221; width_tablet=&#8221;100%&#8221; width_phone=&#8221;&#8221; width_last_edited=&#8221;on|desktop&#8221; max_width=&#8221;100%&#8221; max_width_tablet=&#8221;100%&#8221; max_width_phone=&#8221;&#8221; max_width_last_edited=&#8221;on|desktop&#8221; custom_margin=&#8221;|||&#8221; custom_padding=&#8221;0px|0px|0px|0px&#8221; make_fullwidth=&#8221;on&#8221; global_colors_info=&#8221;{}&#8221;][et_pb_column type=&#8221;1_2&#8243; _builder_version=&#8221;4.24.2&#8243; background_image=&#8221;https:\/\/tf3040.com.ar\/wp-content\/uploads\/2025\/04\/beneficios-subastas.jpg&#8221; background_position=&#8221;center_left&#8221; custom_padding=&#8221;200px|10%|200px|10%|true|true&#8221; global_colors_info=&#8221;{}&#8221; custom_padding__hover=&#8221;|||&#8221;][\/et_pb_column][et_pb_column type=&#8221;1_2&#8243; _builder_version=&#8221;4.24.2&#8243; background_enable_image=&#8221;off&#8221; custom_padding=&#8221;|40px||40px|false|false&#8221; custom_padding_tablet=&#8221;||70px||false|false&#8221; custom_padding_phone=&#8221;|50px|50px|50px|false|true&#8221; custom_padding_last_edited=&#8221;on|tablet&#8221; global_colors_info=&#8221;{}&#8221; custom_padding__hover=&#8221;|||&#8221;][et_pb_text _builder_version=&#8221;4.24.2&#8243; _module_preset=&#8221;default&#8221; text_font=&#8221;Montserrat|800|||||||&#8221; text_text_color=&#8221;#000000&#8243; text_font_size=&#8221;20px&#8221; custom_margin=&#8221;80px|30px|20px||false|false&#8221; custom_margin_tablet=&#8221;80px|30px|20px||false|false&#8221; custom_margin_phone=&#8221;|||-10px|false|false&#8221; custom_margin_last_edited=&#8221;on|phone&#8221; text_font_size_tablet=&#8221;20px&#8221; text_font_size_phone=&#8221;17px&#8221; text_font_size_last_edited=&#8221;on|phone&#8221; global_colors_info=&#8221;{}&#8221;]<\/p>\n<p>BENEFICIOS CLAVES<\/p>\n<p>[\/et_pb_text][et_pb_accordion open_toggle_text_color=&#8221;#000000&#8243; open_toggle_background_color=&#8221;#f6be37&#8243; closed_toggle_background_color=&#8221;#f6be37&#8243; icon_color=&#8221;#4d4d4d&#8221; _builder_version=&#8221;4.24.2&#8243; _module_preset=&#8221;default&#8221; toggle_text_color=&#8221;#4d4d4d&#8221; toggle_font=&#8221;Montserrat||||||||&#8221; closed_toggle_font=&#8221;Montserrat||||||||&#8221; body_font=&#8221;Montserrat||||||||&#8221; body_text_color=&#8221;#000000&#8243; background_enable_color=&#8221;off&#8221; custom_margin=&#8221;||70px||false|false&#8221; custom_padding=&#8221;||||false|false&#8221; border_width_all=&#8221;0px&#8221; border_color_all=&#8221;#000000&#8243; border_width_bottom=&#8221;1px&#8221; global_colors_info=&#8221;{}&#8221;][et_pb_accordion_item title=&#8221;REDUCCI\u00d3N DE COSTOS&#8221; open=&#8221;on&#8221; _builder_version=&#8221;4.24.2&#8243; _module_preset=&#8221;default&#8221; global_colors_info=&#8221;{}&#8221;]<\/p>\n<p>Minimiz\u00e1 tus gastos operativos al eliminar comisiones, subastar con 3040 no tiene ning\u00fan tipo de costos para el vendedor.<\/p>\n<p>[\/et_pb_accordion_item][et_pb_accordion_item title=&#8221;PRECIOS COMPETITIVOS&#8221; _builder_version=&#8221;4.24.2&#8243; _module_preset=&#8221;default&#8221; global_colors_info=&#8221;{}&#8221; open=&#8221;off&#8221;]<\/p>\n<p>Fomenta la competencia entre compradores y asegura el mejor precio de mercado para tus veh\u00edculos.<\/p>\n<p>[\/et_pb_accordion_item][et_pb_accordion_item title=&#8221;CARACTER\u00cdSTICAS \u00daNICAS&#8221; _builder_version=&#8221;4.24.2&#8243; _module_preset=&#8221;default&#8221; global_colors_info=&#8221;{}&#8221; open=&#8221;off&#8221;]<\/p>\n<p>No hace falta que esperes juntar un lote de veh\u00edculos para subastarlo, con 3040 subastas podes vender los veh\u00edculos de tu empresa de a uno solo, con esto vas a ahorrar patentes, deposito, seguros y acotar los tiempos de gesti\u00f3n y recupero de dinero al m\u00e1ximo.<\/p>\n<p>[\/et_pb_accordion_item][et_pb_accordion_item title=&#8221;TRANSPARENCIA Y SEGURIDAD&#8221; _builder_version=&#8221;4.24.2&#8243; _module_preset=&#8221;default&#8221; global_colors_info=&#8221;{}&#8221; open=&#8221;off&#8221;]<\/p>\n<p><span style=\"font-weight: 400;\">Ofrecemos un entorno seguro y transparente para todas las transacciones con procesos auditables, obedeciendo los mejores pr\u00e1cticas de compliance y gobernanza<\/span><\/p>\n<p>[\/et_pb_accordion_item][et_pb_accordion_item title=&#8221;MAYOR ALCANCE&#8221; _builder_version=&#8221;4.24.2&#8243; _module_preset=&#8221;default&#8221; global_colors_info=&#8221;{}&#8221; open=&#8221;off&#8221;]<\/p>\n<p>Llega a miles de compradores potenciales en todo el pa\u00eds con nuestra plataforma de subastas online. Aumenta tus posibilidades de venta y obtene el mejor precio por tus veh\u00edculos.<\/p>\n<p>[\/et_pb_accordion_item][et_pb_accordion_item title=&#8221;AGILIDAD Y EFICIENCIA&#8221; _builder_version=&#8221;4.24.2&#8243; _module_preset=&#8221;default&#8221; global_colors_info=&#8221;{}&#8221; open=&#8221;off&#8221;]<\/p>\n<p>Simplifica tu proceso de venta. Subast\u00e1 tus veh\u00edculos de forma r\u00e1pida y sencilla.<\/p>\n<p>[\/et_pb_accordion_item][\/et_pb_accordion][\/et_pb_column][\/et_pb_row][et_pb_row _builder_version=&#8221;4.24.2&#8243; _module_preset=&#8221;default&#8221; hover_enabled=&#8221;0&#8243; locked=&#8221;off&#8221; global_colors_info=&#8221;{}&#8221; custom_margin=&#8221;100px||||false|false&#8221; sticky_enabled=&#8221;0&#8243;][et_pb_column type=&#8221;4_4&#8243; _builder_version=&#8221;4.16&#8243; _module_preset=&#8221;default&#8221; global_colors_info=&#8221;{}&#8221;][et_pb_text _builder_version=&#8221;4.24.2&#8243; _module_preset=&#8221;default&#8221; text_font=&#8221;Montserrat|800||on|||||&#8221; text_text_color=&#8221;#000000&#8243; text_font_size=&#8221;42px&#8221; custom_margin=&#8221;-1px||1px||false|false&#8221; custom_margin_tablet=&#8221;&#8221; custom_margin_phone=&#8221;0px||||false|false&#8221; custom_margin_last_edited=&#8221;on|phone&#8221; custom_padding=&#8221;||||false|false&#8221; hover_enabled=&#8221;0&#8243; text_orientation_tablet=&#8221;&#8221; text_orientation_phone=&#8221;center&#8221; text_orientation_last_edited=&#8221;on|phone&#8221; global_colors_info=&#8221;{}&#8221; locked=&#8221;off&#8221; text_orientation=&#8221;center&#8221; sticky_enabled=&#8221;0&#8243; text_line_height=&#8221;1.1em&#8221; content_last_edited=&#8221;on|desktop&#8221; content_tablet=&#8221;<\/p>\n<p>CONTACTANOS AHORA MISMO,<br \/>\u00a1Y COMENZA A SUBASTAR CON NOSOTROS!<\/p>\n<p>&#8221; content_phone=&#8221;<\/p>\n<p>CONTACTANOS AHORA MISMO,<br \/>\u00a1Y COMENZA A SUBASTAR CON NOSOTROS!<\/p>\n<p>&#8220;]<\/p>\n<p>CONTACTANOS AHORA MISMO,<br \/>\u00a1Y COMENZA A SUBASTAR CON NOSOTROS!<\/p>\n<p>[\/et_pb_text][\/et_pb_column][\/et_pb_row][et_pb_row column_structure=&#8221;1_2,1_2&#8243; _builder_version=&#8221;4.16&#8243; _module_preset=&#8221;default&#8221; custom_padding=&#8221;0px|0px|0px|0px|false|false&#8221; locked=&#8221;off&#8221; global_colors_info=&#8221;{}&#8221;][et_pb_column type=&#8221;1_2&#8243; _builder_version=&#8221;4.16&#8243; _module_preset=&#8221;default&#8221; global_colors_info=&#8221;{}&#8221;][et_pb_button button_url=&#8221;https:\/\/3040.com.ar\/&#8221; button_text=&#8221;VER SUBASTAS&#8221; button_alignment=&#8221;right&#8221; button_alignment_tablet=&#8221;right&#8221; button_alignment_phone=&#8221;right&#8221; button_alignment_last_edited=&#8221;on|desktop&#8221; _builder_version=&#8221;4.24.2&#8243; _module_preset=&#8221;default&#8221; custom_button=&#8221;on&#8221; button_text_color=&#8221;#000000&#8243; button_bg_image=&#8221;https:\/\/tf3040.com.ar\/wp-content\/uploads\/2024\/03\/botonformauto-20-1.png&#8221; button_border_width=&#8221;0px&#8221; button_border_color=&#8221;RGBA(0,0,0,0)&#8221; button_font=&#8221;Montserrat|600|||||||&#8221; custom_margin=&#8221;0px||110px||false|false&#8221; hover_enabled=&#8221;0&#8243; global_colors_info=&#8221;{}&#8221; sticky_enabled=&#8221;0&#8243; url_new_window=&#8221;on&#8221;][\/et_pb_button][\/et_pb_column][et_pb_column type=&#8221;1_2&#8243; _builder_version=&#8221;4.16&#8243; _module_preset=&#8221;default&#8221; global_colors_info=&#8221;{}&#8221;][et_pb_button button_text=&#8221;\u00a1CONSULTANOS!&#8221; button_alignment=&#8221;left&#8221; button_alignment_tablet=&#8221;left&#8221; button_alignment_phone=&#8221;left&#8221; button_alignment_last_edited=&#8221;on|desktop&#8221; _builder_version=&#8221;4.24.2&#8243; _module_preset=&#8221;default&#8221; custom_button=&#8221;on&#8221; button_text_color=&#8221;#000000&#8243; button_bg_image=&#8221;https:\/\/tf3040.com.ar\/wp-content\/uploads\/2024\/03\/botonformauto-20-1.png&#8221; button_border_width=&#8221;0px&#8221; button_border_color=&#8221;RGBA(0,0,0,0)&#8221; button_font=&#8221;Montserrat|600|||||||&#8221; custom_margin=&#8221;||110px||false|false&#8221; hover_enabled=&#8221;0&#8243; global_colors_info=&#8221;{}&#8221; sticky_enabled=&#8221;0&#8243; button_url=&#8221;https:\/\/api.whatsapp.com\/send?phone=5491180590942&#038;text=Me%20interesa%20saber%20m%C3%A1s%20sobre%20subastar&#8221; url_new_window=&#8221;on&#8221;][\/et_pb_button][\/et_pb_column][\/et_pb_row][\/et_pb_section]<\/p>\n","protected":false},"excerpt":{"rendered":"<p>COMENZ\u00c1 ASUBASTAR\u00bfEst\u00e1s buscando una forma r\u00e1pida y efectiva de vender tus veh\u00edculos?\u00a1Nuestra plataforma de subastas online es la soluci\u00f3n perfecta para que nuestros clientes logren una transacci\u00f3n exitosa, reduciendo costos y minimizando procesos administrativos antes y despu\u00e9s de cada subasta! Con m\u00e1s de 55 a\u00f1os prestando servicio a empresas aseguradoras, bancos y compa\u00f1\u00edas financieras, empresas [&hellip;]<\/p>\n","protected":false},"author":1,"featured_media":0,"parent":0,"menu_order":0,"comment_status":"closed","ping_status":"closed","template":"","meta":{"_et_pb_use_builder":"on","_et_pb_old_content":"","_et_gb_content_width":"","_joinchat":[],"footnotes":""},"class_list":["post-174","page","type-page","status-publish","hentry"],"_links":{"self":[{"href":"https:\/\/tf3040.com.ar\/index.php?rest_route=\/wp\/v2\/pages\/174","targetHints":{"allow":["GET"]}}],"collection":[{"href":"https:\/\/tf3040.com.ar\/index.php?rest_route=\/wp\/v2\/pages"}],"about":[{"href":"https:\/\/tf3040.com.ar\/index.php?rest_route=\/wp\/v2\/types\/page"}],"author":[{"embeddable":true,"href":"https:\/\/tf3040.com.ar\/index.php?rest_route=\/wp\/v2\/users\/1"}],"replies":[{"embeddable":true,"href":"https:\/\/tf3040.com.ar\/index.php?rest_route=%2Fwp%2Fv2%2Fcomments&post=174"}],"version-history":[{"count":12,"href":"https:\/\/tf3040.com.ar\/index.php?rest_route=\/wp\/v2\/pages\/174\/revisions"}],"predecessor-version":[{"id":212,"href":"https:\/\/tf3040.com.ar\/index.php?rest_route=\/wp\/v2\/pages\/174\/revisions\/212"}],"wp:attachment":[{"href":"https:\/\/tf3040.com.ar\/index.php?rest_route=%2Fwp%2Fv2%2Fmedia&parent=174"}],"curies":[{"name":"wp","href":"https:\/\/api.w.org\/{rel}","templated":true}]}}